{"id":23020,"date":"2020-03-27T13:33:30","date_gmt":"2020-03-27T10:33:31","guid":{"rendered":"https:\/\/lipsud.ee\/?post_type=product&#038;p=23020"},"modified":"2021-03-26T12:15:36","modified_gmt":"2021-03-26T09:15:36","slug":"kids-tie-gold","status":"publish","type":"product","link":"https:\/\/lipsud.ee\/en\/toode\/kids-tie-gold\/","title":{"rendered":"Kids tie, gold"},"content":{"rendered":"<div class=\"row\"  id=\"row-1777697853\">\n\n\t<div id=\"col-989577835\" class=\"col small-12 large-12\"  >\n\t\t<div class=\"col-inner\"  >\n\t\t\t\n\t\t\t\n<div class=\"row\"  id=\"row-1268778707\">\n\n\t<div id=\"col-197555499\" class=\"col small-12 large-12\"  >\n\t\t<div class=\"col-inner\"  >\n\t\t\t\n\t\t\t\n<p>Meie lipsuvalikust leiad suures valikus \u00fchev\u00e4rvilisi, triibulisi, t\u00e4pilisi ja muu mustriga lipse, mis sobivad nii igap\u00e4evaseks kandmiseks kui ka pidulikeks hetkedeks. Meie kangad tulevad Euroopa suurimatelt kangatootjatelt ning oleme valikusse v\u00f5tnud k\u00f5ige kvaliteetsemad ja moodsamad kangad. Lipsud valmistatakse meie Tallinna tehases k\u00e4sit\u00f6\u00f6na v\u00e4ga kogenenud \u00f5mblejate poolt. Loe veel \u00f5mblejatest ja vabrikust <strong><a href=\"https:\/\/lipsud.ee\/omblemisteenus\/\">siit<\/a><\/strong>.<\/p>\n<p>Pakume laste kummiga lipse kokku 5s erinevas pikkuses. Lipsud pikkusega 10cm on paigutatud eraldi kategooria alla &#8211;<strong> <a href=\"https:\/\/lipsud.ee\/tootekategooria\/lastele\/beebi-lipsud\/\">beebi lipsud<\/a><\/strong>.<\/p>\n\t<div id=\"gap-1592606762\" class=\"gap-element clearfix\" style=\"display:block; height:auto;\">\n\t\t\n<style>\n#gap-1592606762 {\n  padding-top: 30px;\n}\n<\/style>\n\t<\/div>\n\t\n\t<section class=\"section\" id=\"section_625935316\">\n\t\t<div class=\"bg section-bg fill bg-fill  bg-loaded\" >\n\n\t\t\t\n\t\t\t\n\t\t\t\n\t<div class=\"is-border is-dotted\"\n\t\tstyle=\"border-color:rgb(0, 0, 0);border-radius:49px;border-width:5px 5px 5px 5px;\">\n\t<\/div>\n\n\t\t<\/div>\n\n\t\t<div class=\"section-content relative\">\n\t\t\t\n<div class=\"row row-collapse align-equal\"  id=\"row-616331433\">\n\n\t<div id=\"col-142963119\" class=\"col medium-6 small-12 large-6\"  >\n\t\t<div class=\"col-inner text-left\"  >\n\t\t\t\n\t\t\t\n\t<div class=\"img has-hover x md-x lg-x y md-y lg-y\" id=\"image_1185280167\">\n\t\t\t\t\t\t\t\t<div class=\"img-inner dark\" >\n\t\t\t<img width=\"1020\" height=\"1020\" src=\"https:\/\/lipsud.ee\/wp-content\/uploads\/2019\/08\/Mis-suuruses-lipsu-telldia-1-1024x1024.png\" class=\"attachment-large size-large\" alt=\"\" loading=\"lazy\" srcset=\"https:\/\/lipsud.ee\/wp-content\/uploads\/2019\/08\/Mis-suuruses-lipsu-telldia-1-1024x1024.png 1024w, https:\/\/lipsud.ee\/wp-content\/uploads\/2019\/08\/Mis-suuruses-lipsu-telldia-1-150x150.png 150w, https:\/\/lipsud.ee\/wp-content\/uploads\/2019\/08\/Mis-suuruses-lipsu-telldia-1-300x300.png 300w, https:\/\/lipsud.ee\/wp-content\/uploads\/2019\/08\/Mis-suuruses-lipsu-telldia-1-768x768.png 768w, https:\/\/lipsud.ee\/wp-content\/uploads\/2019\/08\/Mis-suuruses-lipsu-telldia-1-600x600.png 600w, https:\/\/lipsud.ee\/wp-content\/uploads\/2019\/08\/Mis-suuruses-lipsu-telldia-1-100x100.png 100w, https:\/\/lipsud.ee\/wp-content\/uploads\/2019\/08\/Mis-suuruses-lipsu-telldia-1.png 1800w\" sizes=\"(max-width: 1020px) 100vw, 1020px\" \/>\t\t\t\t\t\t\n\t\t\t\t\t<\/div>\n\t\t\t\t\t\t\t\t\n<style>\n#image_1185280167 {\n  width: 100%;\n}\n<\/style>\n\t<\/div>\n\t\n\t\t<\/div>\n\t\t\t<\/div>\n\n\t\n\n\t<div id=\"col-1664318413\" class=\"col medium-6 small-12 large-6\"  >\n\t\t<div class=\"col-inner\"  >\n\t\t\t\n\t\t\t\n\t<div class=\"img has-hover x md-x lg-x y md-y lg-y\" id=\"image_793315945\">\n\t\t\t\t\t\t\t\t<div class=\"img-inner dark\" >\n\t\t\t<img width=\"1020\" height=\"1020\" src=\"https:\/\/lipsud.ee\/wp-content\/uploads\/2019\/06\/Laste-lipsude-pikkused-1024x1024.png\" class=\"attachment-large size-large\" alt=\"\" loading=\"lazy\" srcset=\"https:\/\/lipsud.ee\/wp-content\/uploads\/2019\/06\/Laste-lipsude-pikkused-1024x1024.png 1024w, https:\/\/lipsud.ee\/wp-content\/uploads\/2019\/06\/Laste-lipsude-pikkused-150x150.png 150w, https:\/\/lipsud.ee\/wp-content\/uploads\/2019\/06\/Laste-lipsude-pikkused-300x300.png 300w, https:\/\/lipsud.ee\/wp-content\/uploads\/2019\/06\/Laste-lipsude-pikkused-768x768.png 768w, https:\/\/lipsud.ee\/wp-content\/uploads\/2019\/06\/Laste-lipsude-pikkused-600x600.png 600w, https:\/\/lipsud.ee\/wp-content\/uploads\/2019\/06\/Laste-lipsude-pikkused-100x100.png 100w, https:\/\/lipsud.ee\/wp-content\/uploads\/2019\/06\/Laste-lipsude-pikkused.png 1800w\" sizes=\"(max-width: 1020px) 100vw, 1020px\" \/>\t\t\t\t\t\t\n\t\t\t\t\t<\/div>\n\t\t\t\t\t\t\t\t\n<style>\n#image_793315945 {\n  width: 100%;\n}\n<\/style>\n\t<\/div>\n\t\n\t\t<\/div>\n\t\t\t<\/div>\n\n\t\n<\/div>\n\t\t<\/div>\n\n\t\t\n<style>\n#section_625935316 {\n  padding-top: 65px;\n  padding-bottom: 65px;\n  margin-bottom: -52px;\n}\n#section_625935316 .section-bg-overlay {\n  background-color: rgba(0, 0, 0, 0);\n}\n<\/style>\n\t<\/section>\n\t\n\t\t<\/div>\n\t\t\t<\/div>\n\n\t\n<\/div>\n\t\t<\/div>\n\t\t\t<\/div>\n\n\t\n<\/div>\n<p>&nbsp;<\/p>\n","protected":false},"excerpt":{"rendered":"<p>High quality tie, handmade in Estonia.<\/p>\n<ul>\n<li>100% polyester<\/li>\n<li>adjustable elastic strap<\/li>\n<li>dry clean only<\/li>\n<\/ul>\n","protected":false},"featured_media":48214,"comment_status":"open","ping_status":"closed","template":"","meta":{"_seopress_robots_primary_cat":""},"product_cat":[384,314,336,248,326],"product_tag":[],"_links":{"self":[{"href":"https:\/\/lipsud.ee\/en\/wp-json\/wp\/v2\/product\/23020"}],"collection":[{"href":"https:\/\/lipsud.ee\/en\/wp-json\/wp\/v2\/product"}],"about":[{"href":"https:\/\/lipsud.ee\/en\/wp-json\/wp\/v2\/types\/product"}],"replies":[{"embeddable":true,"href":"https:\/\/lipsud.ee\/en\/wp-json\/wp\/v2\/comments?post=23020"}],"wp:featuredmedia":[{"embeddable":true,"href":"https:\/\/lipsud.ee\/en\/wp-json\/wp\/v2\/media\/48214"}],"wp:attachment":[{"href":"https:\/\/lipsud.ee\/en\/wp-json\/wp\/v2\/media?parent=23020"}],"wp:term":[{"taxonomy":"product_cat","embeddable":true,"href":"https:\/\/lipsud.ee\/en\/wp-json\/wp\/v2\/product_cat?post=23020"},{"taxonomy":"product_tag","embeddable":true,"href":"https:\/\/lipsud.ee\/en\/wp-json\/wp\/v2\/product_tag?post=23020"}],"curies":[{"name":"wp","href":"https:\/\/api.w.org\/{rel}","templated":true}]}}